{"id":1172,"date":"2018-06-08T08:45:59","date_gmt":"2018-06-08T07:45:59","guid":{"rendered":"http:\/\/playerx.edge-themes.com\/?page_id=1172"},"modified":"2021-07-12T11:24:56","modified_gmt":"2021-07-12T10:24:56","slug":"kontakt","status":"publish","type":"page","link":"https:\/\/vrmedia.rs\/en\/kontakt\/","title":{"rendered":"CONTACT"},"content":{"rendered":"<div class=\"edgtf-row-grid-section-wrapper \"  ><div class=\"edgtf-row-grid-section\"><div class=\"vc_row wpb_row vc_row-fluid vc_custom_1546442986692\" ><div class=\"wpb_column vc_column_container vc_col-sm-12\"><div class=\"vc_column-inner\"><div class=\"wpb_wrapper\">\n\t<div class=\"wpb_text_column wpb_content_element \" >\n\t\t<div class=\"wpb_wrapper\">\n\t\t\t<h5><span style=\"color: #0ea6ff;\">VR<\/span> Media<\/h5>\n<p>    <span class=\"edgtf-icon-shortcode normal   edgtf-icon-small\"  data-color=\"#0ea6ff\">\n                    <i class=\"edgtf-icon-font-awesome far fa-building edgtf-icon-element\" style=\"color: #0ea6ff\" ><\/i>            <\/span>\n\u00a0 Rudarska 17a 18250 Ni\u0161<\/p>\n<p>    <span class=\"edgtf-icon-shortcode normal   edgtf-icon-small\"  data-color=\"#0ea6ff\">\n                    <i class=\"edgtf-icon-font-awesome fas fa-phone-square edgtf-icon-element\" style=\"color: #0ea6ff\" ><\/i>            <\/span>\n\u00a0 069 4-289-210<\/p>\n<p>    <span class=\"edgtf-icon-shortcode normal   edgtf-icon-small\"  data-color=\"#0ea6ff\">\n                    <i class=\"edgtf-icon-font-awesome far fa-envelope edgtf-icon-element\" style=\"color: #0ea6ff\" ><\/i>            <\/span>\n\u00a0 kontakt@vrmedia.rs<\/p>\n\n\t\t<\/div>\n\t<\/div>\n<div class=\"vc_empty_space\"   style=\"height: 40px\"><span class=\"vc_empty_space_inner\"><\/span><\/div><div class=\"edgtf-elements-holder   edgtf-two-columns  edgtf-responsive-mode-1024 \" ><div class=\"edgtf-eh-item    \"  data-item-class=\"edgtf-eh-custom-8716\" data-1367-1600=\"0 20% 0 0\" data-1025-1366=\"0 20% 0 0\" data-769-1024=\"0 36% 9.5% 0\" data-681-768=\"0 20% 12% 0\" data-680=\"0 0 25% 0\">\n\t<div class=\"edgtf-eh-item-inner\">\n\t\t<div class=\"edgtf-eh-item-content edgtf-eh-custom-8716\" style=\"padding: 0.5% 20% 0 0\">\n\t\t\t<div class=\"edgtf-section-title-holder  edgtf-st-standard \" style=\"padding: 0 0px;text-align: left\">\n\t<div class=\"edgtf-st-inner\">\n\t\t\t\t\t<h4 class=\"edgtf-st-title\" >\n\t\t\t\tIma\u0161 pitanje?<br \/> Pi\u0161i nam!\t\t\t<\/h4>\n\t\t        \n            <div class=\"edgtf-st-separator\" style=\"margin-top: 2px\">\n\n            <svg version=\"1.1\" xmlns=\"http:\/\/www.w3.org\/2000\/svg\" xmlns:xlink=\"http:\/\/www.w3.org\/1999\/xlink\" x=\"0px\" y=\"0px\"\n\t width=\"124.985px\" height=\"3.411px\" viewBox=\"0 0 124.985 3.411\" enable-background=\"new 0 0 124.985 3.411\" xml:space=\"preserve\">\n<polygon fill=\"#FFFFFF\" points=\"0,0 124.985,0 124.985,1.121 96.484,1.121 86.944,3.411 38.67,3.411 29.162,1.121 0,1.121 \"\/>\n<\/svg>            <\/div>\n        \t\t\t\t\t<p class=\"edgtf-st-text\" style=\"margin-top: 27px\">\n\t\t\t\tUkoliko ima\u0161 pitanje, primedbu, sugestiju, poslovnu ponudu, ili samo \u017eeli\u0161 da ka\u017ee\u0161 ne\u0161to.<br \/>\nPotrudi\u0107emo se da odgovorimo u najkra\u0107em mogu\u0107em roku.\t\t\t<\/p>\n\t\t\t<\/div>\n<\/div>\n<div class=\"vc_empty_space\"   style=\"height: 11px\"><span class=\"vc_empty_space_inner\"><\/span><\/div>\n\t<div class=\"wpb_raw_code wpb_content_element wpb_raw_html\" >\n\t\t<div class=\"wpb_wrapper\">\n\t\t\t<span style=\"display:inline-block;padding-right: 38px\"><h2 class=\"edgtf-custom-font-holder  edgtf-cf-1012  \" style=\"font-family: Rubik;font-size: 13px;line-height: 26px;font-weight: 300;text-transform: lowercase;color: rgba(255,255,255,0.3)\" data-item-class=\"edgtf-cf-1012\">\n\tprati nas:<\/h2><\/span>    <span class=\"edgtf-icon-shortcode edgtf-normal   \" style=\"margin: 0 23px 0 0\" >\n                    <a itemprop=\"url\" class=\"\" href=\"https:\/\/www.facebook.com\/\" target=\"_blank\">\n                    <i class=\"edgtf-icon-font-awesome fab fa-facebook edgtf-icon-element\" style=\"font-size:13px\" ><\/i>                    <\/a>\n            <\/span>\n    <span class=\"edgtf-icon-shortcode edgtf-normal   \" style=\"margin: 0 23px 0 0\" >\n                    <a itemprop=\"url\" class=\"\" href=\"https:\/\/twitter.com\/\" target=\"_blank\">\n                    <i class=\"edgtf-icon-font-awesome fab fa-twitter-square edgtf-icon-element\" style=\"font-size:13px\" ><\/i>                    <\/a>\n            <\/span>\n    <span class=\"edgtf-icon-shortcode edgtf-normal   \" style=\"margin: 0 23px 0 0\" >\n                    <a itemprop=\"url\" class=\"\" href=\"https:\/\/www.youtube.com\/channel\/UCHdYRf4WesJZ6FpotvNjnjg\" target=\"_blank\">\n                    <i class=\"edgtf-icon-font-awesome fab fa-youtube edgtf-icon-element\" style=\"font-size:13px\" ><\/i>                    <\/a>\n            <\/span>\n    <span class=\"edgtf-icon-shortcode edgtf-normal   \" style=\"margin: 0 23px 0 0\" >\n                    <a itemprop=\"url\" class=\"\" href=\"https:\/\/www.instagram.com\/\" target=\"_blank\">\n                    <i class=\"edgtf-icon-font-awesome fab fa-instagram edgtf-icon-element\" style=\"font-size:13px\" ><\/i>                    <\/a>\n            <\/span>\n    <span class=\"edgtf-icon-shortcode edgtf-normal   \"  >\n                    <a itemprop=\"url\" class=\"\" href=\"http:\/\/www.imdb.com\/name\/nm8681048\" target=\"_blank\">\n                    <i class=\"edgtf-icon-font-awesome fab fa-imdb edgtf-icon-element\" style=\"font-size:13px\" ><\/i>                    <\/a>\n            <\/span>\n\n\t\t<\/div>\n\t<\/div>\n\t\t<\/div>\n\t<\/div>\n<\/div><div class=\"edgtf-eh-item    \"  data-item-class=\"edgtf-eh-custom-9240\" data-1367-1600=\"6px 0 0 0\" data-1025-1366=\"6px 0 0 0\" data-769-1024=\"0 0\" data-681-768=\"0 0\" data-680=\"0 0\">\n\t<div class=\"edgtf-eh-item-inner\">\n\t\t<div class=\"edgtf-eh-item-content edgtf-eh-custom-9240\" style=\"padding: 6px 0 0 0\">\n\t\t\t\n<div class=\"wpcf7 no-js\" id=\"wpcf7-f7-o1\" lang=\"en-US\" dir=\"ltr\" data-wpcf7-id=\"7\">\n<div class=\"screen-reader-response\"><p role=\"status\" aria-live=\"polite\" aria-atomic=\"true\"><\/p> <ul><\/ul><\/div>\n<form action=\"\/en\/wp-json\/wp\/v2\/pages\/1172#wpcf7-f7-o1\" method=\"post\" class=\"wpcf7-form init\" aria-label=\"Contact form\" novalidate=\"novalidate\" data-status=\"init\">\n<fieldset class=\"hidden-fields-container\"><input type=\"hidden\" name=\"_wpcf7\" value=\"7\" \/><input type=\"hidden\" name=\"_wpcf7_version\" value=\"6.1.5\" \/><input type=\"hidden\" name=\"_wpcf7_locale\" value=\"en_US\" \/><input type=\"hidden\" name=\"_wpcf7_unit_tag\" value=\"wpcf7-f7-o1\" \/><input type=\"hidden\" name=\"_wpcf7_container_post\" value=\"0\" \/><input type=\"hidden\" name=\"_wpcf7_posted_data_hash\" value=\"\" \/>\n<\/fieldset>\n<div class=\"edgtf-custom-contact-form\">\n\t<div class=\"edgtf-grid-row\">\n\t\t<div class=\"edgtf-grid-col-12\">\n\t\t\t<p><span class=\"wpcf7-form-control-wrap\" data-name=\"your-subject\"><input size=\"40\" maxlength=\"400\" class=\"wpcf7-form-control wpcf7-text wpcf7-validates-as-required\" aria-required=\"true\" aria-invalid=\"false\" placeholder=\"Tema poruke\" value=\"\" type=\"text\" name=\"your-subject\" \/><\/span><br \/>\n<span class=\"wpcf7-form-control-wrap\" data-name=\"your-name\"><input size=\"40\" maxlength=\"400\" class=\"wpcf7-form-control wpcf7-text wpcf7-validates-as-required\" aria-required=\"true\" aria-invalid=\"false\" placeholder=\"Va\u0161e Ime\" value=\"\" type=\"text\" name=\"your-name\" \/><\/span>\n\t\t\t<\/p>\n\t\t<\/div>\n\t\t<div class=\"edgtf-grid-col-12\">\n\t\t\t<p><span class=\"wpcf7-form-control-wrap\" data-name=\"your-email\"><input size=\"40\" maxlength=\"400\" class=\"wpcf7-form-control wpcf7-email wpcf7-validates-as-required wpcf7-text wpcf7-validates-as-email\" aria-required=\"true\" aria-invalid=\"false\" placeholder=\"Email Adresa\" value=\"\" type=\"email\" name=\"your-email\" \/><\/span>\n\t\t\t<\/p>\n\t\t<\/div>\n\t<\/div>\n\t<p><span class=\"wpcf7-form-control-wrap\" data-name=\"your-message\"><textarea cols=\"40\" rows=\"10\" maxlength=\"2000\" class=\"wpcf7-form-control wpcf7-textarea\" aria-invalid=\"false\" placeholder=\"Text poruke...\" name=\"your-message\"><\/textarea><\/span>\n\t<\/p>\n\t<p>Anti-spam za\u0161tita. Unesite ta\u010dan broj.<br \/>\n<br \/>\n<span class=\"wpcf7-form-control-wrap\" data-name=\"math-quiz\"><label><span class=\"wpcf7-quiz-label\">5+5=?<\/span> <input size=\"40\" class=\"wpcf7-form-control wpcf7-quiz\" autocomplete=\"off\" aria-required=\"true\" aria-invalid=\"false\" type=\"text\" name=\"math-quiz\" \/><\/label><input type=\"hidden\" name=\"_wpcf7_quiz_answer_math-quiz\" value=\"c0111be181ec500d9f5599255a4466d2\" \/><\/span>\n\t<\/p>\n\t<p><input class=\"wpcf7-form-control wpcf7-submit has-spinner\" type=\"submit\" value=\"po\u0161alji\" \/>\n\t<\/p>\n<\/div><div class=\"wpcf7-response-output\" aria-hidden=\"true\"><\/div>\n<\/form>\n<\/div>\n\t\t<\/div>\n\t<\/div>\n<\/div><\/div><\/div><\/div><\/div><\/div><\/div><\/div><div class=\"vc_row wpb_row vc_row-fluid\" ><div class=\"wpb_column vc_column_container vc_col-sm-12\"><div class=\"vc_column-inner\"><div class=\"wpb_wrapper\"><div class=\"edgtf-google-map-holder\">\n\t<div class=\"edgtf-google-map\" id=\"edgtf-map-1396444\" data-addresses='[\"Rudarska 17a, Deveti maj, Ni\u0161, Serbia\"]' data-custom-map-style=no data-color-overlay=#393939 data-saturation=-100 data-lightness=-60 data-zoom=13 data-pin=https:\/\/mld0dhhatvcr.i.optimole.com\/w:auto\/h:auto\/q:mauto\/g:sm\/f:best\/https:\/\/vrmedia.rs\/wp-content\/themes\/playerx\/assets\/img\/pin.png data-unique-id=1396444 data-scroll-wheel=no data-height=700px data-snazzy-map-style=yes><\/div>\n\t\t\t\t\t<input type=\"hidden\" class=\"edgtf-snazzy-map\" value=\"`{`\n{\n``featureType``: ``all``,\n``elementType``: ``labels``,\n``stylers``: `{`\n{\n``visibility``: ``on``\n}\n`}`\n},\n{\n``featureType``: ``all``,\n``elementType``: ``labels.text.fill``,\n``stylers``: `{`\n{\n``saturation``: 36\n},\n{\n``color``: ``#000000``\n},\n{\n``lightness``: 40\n}\n`}`\n},\n{\n``featureType``: ``all``,\n``elementType``: ``labels.text.stroke``,\n``stylers``: `{`\n{\n``visibility``: ``on``\n},\n{\n``color``: ``#000000``\n},\n{\n``lightness``: 16\n}\n`}`\n},\n{\n``featureType``: ``all``,\n``elementType``: ``labels.icon``,\n``stylers``: `{`\n{\n``visibility``: ``off``\n}\n`}`\n},\n{\n``featureType``: ``administrative``,\n``elementType``: ``geometry.fill``,\n``stylers``: `{`\n{\n``color``: ``#000000``\n},\n{\n``lightness``: 20\n}\n`}`\n},\n{\n``featureType``: ``administrative``,\n``elementType``: ``geometry.stroke``,\n``stylers``: `{`\n{\n``color``: ``#000000``\n},\n{\n``lightness``: 17\n},\n{\n``weight``: 1.2\n}\n`}`\n},\n{\n``featureType``: ``administrative.country``,\n``elementType``: ``geometry.stroke``,\n``stylers``: `{`\n{\n``lightness``: ``-100``\n},\n{\n``weight``: ``2``\n},\n{\n``invert_lightness``: true\n}\n`}`\n},\n{\n``featureType``: ``administrative.country``,\n``elementType``: ``labels.text``,\n``stylers``: `{`\n{\n``visibility``: ``on``\n},\n{\n``weight``: ``4``\n}\n`}`\n},\n{\n``featureType``: ``administrative.country``,\n``elementType``: ``labels.text.fill``,\n``stylers``: `{`\n{\n``lightness``: ``-100``\n}\n`}`\n},\n{\n``featureType``: ``administrative.country``,\n``elementType``: ``labels.text.stroke``,\n``stylers``: `{`\n{\n``lightness``: ``100``\n}\n`}`\n},\n{\n``featureType``: ``administrative.locality``,\n``elementType``: ``labels.text.fill``,\n``stylers``: `{`\n{\n``color``: ``#c4c4c4``\n}\n`}`\n},\n{\n``featureType``: ``administrative.neighborhood``,\n``elementType``: ``labels.text.fill``,\n``stylers``: `{`\n{\n``color``: ``#707070``\n}\n`}`\n},\n{\n``featureType``: ``landscape``,\n``elementType``: ``geometry``,\n``stylers``: `{`\n{\n``color``: ``#000000``\n},\n{\n``lightness``: 20\n}\n`}`\n},\n{\n``featureType``: ``poi``,\n``elementType``: ``geometry``,\n``stylers``: `{`\n{\n``color``: ``#000000``\n},\n{\n``lightness``: 21\n},\n{\n``visibility``: ``on``\n}\n`}`\n},\n{\n``featureType``: ``poi.business``,\n``elementType``: ``geometry``,\n``stylers``: `{`\n{\n``visibility``: ``on``\n}\n`}`\n},\n{\n``featureType``: ``road.highway``,\n``elementType``: ``geometry.fill``,\n``stylers``: `{`\n{\n``color``: ``#0ea6ff``\n},\n{\n``lightness``: ``0``\n},\n{\n``visibility``: ``on``\n}\n`}`\n},\n{\n``featureType``: ``road.highway``,\n``elementType``: ``geometry.stroke``,\n``stylers``: `{`\n{\n``visibility``: ``off``\n}\n`}`\n},\n{\n``featureType``: ``road.highway``,\n``elementType``: ``labels.text.fill``,\n``stylers``: `{`\n{\n``visibility``: ``off``\n}\n`}`\n},\n{\n``featureType``: ``road.highway``,\n``elementType``: ``labels.text.stroke``,\n``stylers``: `{`\n{\n``visibility``: ``off``\n},\n{\n``hue``: ``#0ea6ff``\n}\n`}`\n},\n{\n``featureType``: ``road.arterial``,\n``elementType``: ``geometry``,\n``stylers``: `{`\n{\n``color``: ``#000000``\n},\n{\n``lightness``: 18\n}\n`}`\n},\n{\n``featureType``: ``road.arterial``,\n``elementType``: ``geometry.fill``,\n``stylers``: `{`\n{\n``color``: ``#575757``\n}\n`}`\n},\n{\n``featureType``: ``road.arterial``,\n``elementType``: ``labels.text.fill``,\n``stylers``: `{`\n{\n``color``: ``#ffffff``\n}\n`}`\n},\n{\n``featureType``: ``road.arterial``,\n``elementType``: ``labels.text.stroke``,\n``stylers``: `{`\n{\n``color``: ``#2c2c2c``\n}\n`}`\n},\n{\n``featureType``: ``road.local``,\n``elementType``: ``geometry``,\n``stylers``: `{`\n{\n``color``: ``#000000``\n},\n{\n``lightness``: 16\n}\n`}`\n},\n{\n``featureType``: ``road.local``,\n``elementType``: ``labels.text.fill``,\n``stylers``: `{`\n{\n``color``: ``#999999``\n}\n`}`\n},\n{\n``featureType``: ``road.local``,\n``elementType``: ``labels.text.stroke``,\n``stylers``: `{`\n{\n``saturation``: ``-52``\n}\n`}`\n},\n{\n``featureType``: ``transit``,\n``elementType``: ``geometry``,\n``stylers``: `{`\n{\n``color``: ``#000000``\n},\n{\n``lightness``: 19\n}\n`}`\n},\n{\n``featureType``: ``water``,\n``elementType``: ``geometry``,\n``stylers``: `{`\n{\n``color``: ``#000000``\n},\n{\n``lightness``: 17\n}\n`}`\n}\n`}`\" \/>\n\t\t\t\t<div class=\"edgtf-google-map-overlay\"><\/div>\n\t<\/div>\n<\/div><\/div><\/div><\/div>\n","protected":false},"excerpt":{"rendered":"VR Media \u00a0 Rudarska 17a 18250 Ni\u0161 \u00a0 069 4-289-210 \u00a0 kontakt@vrmedia.rs Ima\u0161 pitanje? Pi\u0161i nam! Ukoliko ima\u0161 pitanje, primedbu, sugestiju, poslovnu ponudu, ili samo \u017eeli\u0161 da ka\u017ee\u0161 ne\u0161to. Potrudi\u0107emo se da odgovorimo u najkra\u0107em mogu\u0107em roku. prati nas: Anti-spam za\u0161tita. Unesite ta\u010dan broj. 5+5=?","protected":false},"author":1,"featured_media":0,"parent":0,"menu_order":0,"comment_status":"closed","ping_status":"closed","template":"full-width.php","meta":{"_monsterinsights_skip_tracking":false,"_monsterinsights_sitenote_active":false,"_monsterinsights_sitenote_note":"","_monsterinsights_sitenote_category":0,"footnotes":""},"class_list":["post-1172","page","type-page","status-publish","hentry"],"yoast_head":"<!-- This site is optimized with the Yoast SEO plugin v27.5 - https:\/\/yoast.com\/product\/yoast-seo-wordpress\/ -->\n<title>Kontakt - VR Media<\/title>\n<meta name=\"robots\" content=\"index, follow, max-snippet:-1, max-image-preview:large, max-video-preview:-1\" \/>\n<link rel=\"canonical\" href=\"https:\/\/vrmedia.rs\/en\/kontakt\/\" \/>\n<meta property=\"og:locale\" content=\"en_GB\" \/>\n<meta property=\"og:type\" content=\"article\" \/>\n<meta property=\"og:title\" content=\"Kontakt - VR Media\" \/>\n<meta property=\"og:url\" content=\"https:\/\/vrmedia.rs\/en\/kontakt\/\" \/>\n<meta property=\"og:site_name\" content=\"VR Media\" \/>\n<meta property=\"article:publisher\" content=\"https:\/\/www.facebook.com\/vrmedianis\" \/>\n<meta property=\"article:modified_time\" content=\"2021-07-12T10:24:56+00:00\" \/>\n<meta name=\"twitter:card\" content=\"summary_large_image\" \/>\n<meta name=\"twitter:site\" content=\"@vrmedia5\" \/>\n<meta name=\"twitter:label1\" content=\"Estimated reading time\" \/>\n\t<meta name=\"twitter:data1\" content=\"3 minutes\" \/>\n<script type=\"application\/ld+json\" class=\"yoast-schema-graph\">{\"@context\":\"https:\\\/\\\/schema.org\",\"@graph\":[{\"@type\":\"WebPage\",\"@id\":\"https:\\\/\\\/vrmedia.rs\\\/en\\\/kontakt\\\/\",\"url\":\"https:\\\/\\\/vrmedia.rs\\\/en\\\/kontakt\\\/\",\"name\":\"Kontakt - VR Media\",\"isPartOf\":{\"@id\":\"https:\\\/\\\/vrmedia.rs\\\/#website\"},\"datePublished\":\"2018-06-08T07:45:59+00:00\",\"dateModified\":\"2021-07-12T10:24:56+00:00\",\"breadcrumb\":{\"@id\":\"https:\\\/\\\/vrmedia.rs\\\/en\\\/kontakt\\\/#breadcrumb\"},\"inLanguage\":\"en-GB\",\"potentialAction\":[{\"@type\":\"ReadAction\",\"target\":[\"https:\\\/\\\/vrmedia.rs\\\/en\\\/kontakt\\\/\"]}]},{\"@type\":\"BreadcrumbList\",\"@id\":\"https:\\\/\\\/vrmedia.rs\\\/en\\\/kontakt\\\/#breadcrumb\",\"itemListElement\":[{\"@type\":\"ListItem\",\"position\":1,\"name\":\"Home\",\"item\":\"https:\\\/\\\/vrmedia.rs\\\/en\\\/\"},{\"@type\":\"ListItem\",\"position\":2,\"name\":\"Kontakt\"}]},{\"@type\":\"WebSite\",\"@id\":\"https:\\\/\\\/vrmedia.rs\\\/#website\",\"url\":\"https:\\\/\\\/vrmedia.rs\\\/\",\"name\":\"VR Media\",\"description\":\"Produkcija, Postprodukcija, Virtual Reality, VFX, CGI\",\"publisher\":{\"@id\":\"https:\\\/\\\/vrmedia.rs\\\/#organization\"},\"potentialAction\":[{\"@type\":\"SearchAction\",\"target\":{\"@type\":\"EntryPoint\",\"urlTemplate\":\"https:\\\/\\\/vrmedia.rs\\\/?s={search_term_string}\"},\"query-input\":{\"@type\":\"PropertyValueSpecification\",\"valueRequired\":true,\"valueName\":\"search_term_string\"}}],\"inLanguage\":\"en-GB\"},{\"@type\":\"Organization\",\"@id\":\"https:\\\/\\\/vrmedia.rs\\\/#organization\",\"name\":\"VR Media\",\"url\":\"https:\\\/\\\/vrmedia.rs\\\/\",\"logo\":{\"@type\":\"ImageObject\",\"inLanguage\":\"en-GB\",\"@id\":\"https:\\\/\\\/vrmedia.rs\\\/#\\\/schema\\\/logo\\\/image\\\/\",\"url\":\"https:\\/\\/vrmedia.rs\\/wp-content\\/uploads\\/2018\\/11\\/LOGO-VR-Media-1.png\",\"contentUrl\":\"https:\\/\\/vrmedia.rs\\/wp-content\\/uploads\\/2018\\/11\\/LOGO-VR-Media-1.png\",\"width\":1920,\"height\":1080,\"caption\":\"VR Media\"},\"image\":{\"@id\":\"https:\\\/\\\/vrmedia.rs\\\/#\\\/schema\\\/logo\\\/image\\\/\"},\"sameAs\":[\"https:\\\/\\\/www.facebook.com\\\/vrmedianis\",\"https:\\\/\\\/x.com\\\/vrmedia5\",\"https:\\\/\\\/www.instagram.com\\\/vr_media_nis\",\"https:\\\/\\\/www.youtube.com\\\/channel\\\/UCHdYRf4WesJZ6FpotvNjnjg\"]}]}<\/script>\n<!-- \/ Yoast SEO plugin. -->","yoast_head_json":{"title":"Kontakt - VR Media","robots":{"index":"index","follow":"follow","max-snippet":"max-snippet:-1","max-image-preview":"max-image-preview:large","max-video-preview":"max-video-preview:-1"},"canonical":"https:\/\/vrmedia.rs\/en\/kontakt\/","og_locale":"en_GB","og_type":"article","og_title":"Kontakt - VR Media","og_url":"https:\/\/vrmedia.rs\/en\/kontakt\/","og_site_name":"VR Media","article_publisher":"https:\/\/www.facebook.com\/vrmedianis","article_modified_time":"2021-07-12T10:24:56+00:00","twitter_card":"summary_large_image","twitter_site":"@vrmedia5","twitter_misc":{"Estimated reading time":"3 minutes"},"schema":{"@context":"https:\/\/schema.org","@graph":[{"@type":"WebPage","@id":"https:\/\/vrmedia.rs\/en\/kontakt\/","url":"https:\/\/vrmedia.rs\/en\/kontakt\/","name":"Kontakt - VR Media","isPartOf":{"@id":"https:\/\/vrmedia.rs\/#website"},"datePublished":"2018-06-08T07:45:59+00:00","dateModified":"2021-07-12T10:24:56+00:00","breadcrumb":{"@id":"https:\/\/vrmedia.rs\/en\/kontakt\/#breadcrumb"},"inLanguage":"en-GB","potentialAction":[{"@type":"ReadAction","target":["https:\/\/vrmedia.rs\/en\/kontakt\/"]}]},{"@type":"BreadcrumbList","@id":"https:\/\/vrmedia.rs\/en\/kontakt\/#breadcrumb","itemListElement":[{"@type":"ListItem","position":1,"name":"Home","item":"https:\/\/vrmedia.rs\/en\/"},{"@type":"ListItem","position":2,"name":"Kontakt"}]},{"@type":"WebSite","@id":"https:\/\/vrmedia.rs\/#website","url":"https:\/\/vrmedia.rs\/","name":"VR Media","description":"Produkcija, Postprodukcija, Virtual Reality, VFX, CGI","publisher":{"@id":"https:\/\/vrmedia.rs\/#organization"},"potentialAction":[{"@type":"SearchAction","target":{"@type":"EntryPoint","urlTemplate":"https:\/\/vrmedia.rs\/?s={search_term_string}"},"query-input":{"@type":"PropertyValueSpecification","valueRequired":true,"valueName":"search_term_string"}}],"inLanguage":"en-GB"},{"@type":"Organization","@id":"https:\/\/vrmedia.rs\/#organization","name":"VR Media","url":"https:\/\/vrmedia.rs\/","logo":{"@type":"ImageObject","inLanguage":"en-GB","@id":"https:\/\/vrmedia.rs\/#\/schema\/logo\/image\/","url":"https:\/\/mld0dhhatvcr.i.optimole.com\/w:auto\/h:auto\/q:mauto\/g:sm\/f:best\/https:\/\/vrmedia.rs\/wp-content\/uploads\/2018\/11\/LOGO-VR-Media-1.png","contentUrl":"https:\/\/mld0dhhatvcr.i.optimole.com\/w:auto\/h:auto\/q:mauto\/g:sm\/f:best\/https:\/\/vrmedia.rs\/wp-content\/uploads\/2018\/11\/LOGO-VR-Media-1.png","width":1920,"height":1080,"caption":"VR Media"},"image":{"@id":"https:\/\/vrmedia.rs\/#\/schema\/logo\/image\/"},"sameAs":["https:\/\/www.facebook.com\/vrmedianis","https:\/\/x.com\/vrmedia5","https:\/\/www.instagram.com\/vr_media_nis","https:\/\/www.youtube.com\/channel\/UCHdYRf4WesJZ6FpotvNjnjg"]}]}},"_links":{"self":[{"href":"https:\/\/vrmedia.rs\/en\/wp-json\/wp\/v2\/pages\/1172","targetHints":{"allow":["GET"]}}],"collection":[{"href":"https:\/\/vrmedia.rs\/en\/wp-json\/wp\/v2\/pages"}],"about":[{"href":"https:\/\/vrmedia.rs\/en\/wp-json\/wp\/v2\/types\/page"}],"author":[{"embeddable":true,"href":"https:\/\/vrmedia.rs\/en\/wp-json\/wp\/v2\/users\/1"}],"replies":[{"embeddable":true,"href":"https:\/\/vrmedia.rs\/en\/wp-json\/wp\/v2\/comments?post=1172"}],"version-history":[{"count":47,"href":"https:\/\/vrmedia.rs\/en\/wp-json\/wp\/v2\/pages\/1172\/revisions"}],"predecessor-version":[{"id":5379,"href":"https:\/\/vrmedia.rs\/en\/wp-json\/wp\/v2\/pages\/1172\/revisions\/5379"}],"wp:attachment":[{"href":"https:\/\/vrmedia.rs\/en\/wp-json\/wp\/v2\/media?parent=1172"}],"curies":[{"name":"wp","href":"https:\/\/api.w.org\/{rel}","templated":true}]}}